{"id":11525,"date":"2017-09-10T08:39:11","date_gmt":"2017-09-10T08:39:11","guid":{"rendered":"http:\/\/deeptem.com\/classic\/?page_id=11525"},"modified":"2022-03-18T23:39:26","modified_gmt":"2022-03-18T22:39:26","slug":"galeria","status":"publish","type":"page","link":"https:\/\/mfast.pl\/?page_id=11525","title":{"rendered":"Galeria"},"content":{"rendered":"\t\t<div data-elementor-type=\"wp-post\" data-elementor-id=\"11525\" class=\"elementor elementor-11525\">\n\t\t\t\t\t\t<section class=\"elementor-section elementor-top-section elementor-element elementor-element-6e71213 elementor-section-boxed elementor-section-height-default elementor-section-height-default\" data-id=\"6e71213\" data-element_type=\"section\">\n\t\t\t\t\t\t<div class=\"elementor-container elementor-column-gap-default\">\n\t\t\t\t\t<div class=\"elementor-column elementor-col-33 elementor-top-column elementor-element elementor-element-a747ae5\" data-id=\"a747ae5\" data-element_type=\"column\">\n\t\t\t<div class=\"elementor-widget-wrap elementor-element-populated\">\n\t\t\t\t\t\t<div class=\"elementor-element elementor-element-08eca59 elementor-widget elementor-widget-text-editor\" data-id=\"08eca59\" data-element_type=\"widget\" data-widget_type=\"text-editor.default\">\n\t\t\t\t<div class=\"elementor-widget-container\">\n\t\t\t<style>\/*! elementor - v3.19.0 - 28-02-2024 *\/\n.elementor-widget-text-editor.elementor-drop-cap-view-stacked .elementor-drop-cap{background-color:#69727d;color:#fff}.elementor-widget-text-editor.elementor-drop-cap-view-framed .elementor-drop-cap{color:#69727d;border:3px solid;background-color:transparent}.elementor-widget-text-editor:not(.elementor-drop-cap-view-default) .elementor-drop-cap{margin-top:8px}.elementor-widget-text-editor:not(.elementor-drop-cap-view-default) .elementor-drop-cap-letter{width:1em;height:1em}.elementor-widget-text-editor .elementor-drop-cap{float:left;text-align:center;line-height:1;font-size:50px}.elementor-widget-text-editor .elementor-drop-cap-letter{display:inline-block}<\/style>\t\t\t\t<h4><strong><center><br>Schody<\/strong><\/h4>\t\t\t\t\t\t<\/div>\n\t\t\t\t<\/div>\n\t\t\t\t<div class=\"elementor-element elementor-element-e834faa elementor-widget elementor-widget-image\" data-id=\"e834faa\" data-element_type=\"widget\" data-settings=\"{&quot;_animation&quot;:&quot;none&quot;}\" data-widget_type=\"image.default\">\n\t\t\t\t<div class=\"elementor-widget-container\">\n\t\t\t<style>\/*! elementor - v3.19.0 - 28-02-2024 *\/\n.elementor-widget-image{text-align:center}.elementor-widget-image a{display:inline-block}.elementor-widget-image a img[src$=\".svg\"]{width:48px}.elementor-widget-image img{vertical-align:middle;display:inline-block}<\/style>\t\t\t\t\t\t\t\t\t\t\t<a href=\"https:\/\/mfast.pl\/?page_id=11979\">\n\t\t\t\t\t\t\t<img fetchpriority=\"high\" decoding=\"async\" width=\"640\" height=\"1008\" src=\"https:\/\/mfast.pl\/wp-content\/uploads\/2022\/03\/2-schody-bez-futryn-650x1024.jpg\" class=\"attachment-large size-large wp-image-12548\" alt=\"\" srcset=\"https:\/\/mfast.pl\/wp-content\/uploads\/2022\/03\/2-schody-bez-futryn-650x1024.jpg 650w, https:\/\/mfast.pl\/wp-content\/uploads\/2022\/03\/2-schody-bez-futryn-191x300.jpg 191w, https:\/\/mfast.pl\/wp-content\/uploads\/2022\/03\/2-schody-bez-futryn-768x1209.jpg 768w, https:\/\/mfast.pl\/wp-content\/uploads\/2022\/03\/2-schody-bez-futryn-975x1536.jpg 975w, https:\/\/mfast.pl\/wp-content\/uploads\/2022\/03\/2-schody-bez-futryn-500x787.jpg 500w, https:\/\/mfast.pl\/wp-content\/uploads\/2022\/03\/2-schody-bez-futryn.jpg 1270w\" sizes=\"(max-width: 640px) 100vw, 640px\" \/>\t\t\t\t\t\t\t\t<\/a>\n\t\t\t\t\t\t\t\t\t\t\t\t\t<\/div>\n\t\t\t\t<\/div>\n\t\t\t\t\t<\/div>\n\t\t<\/div>\n\t\t\t\t<div class=\"elementor-column elementor-col-33 elementor-top-column elementor-element elementor-element-d8aa2f9\" data-id=\"d8aa2f9\" data-element_type=\"column\">\n\t\t\t<div class=\"elementor-widget-wrap elementor-element-populated\">\n\t\t\t\t\t\t<div class=\"elementor-element elementor-element-06fad7f elementor-widget elementor-widget-text-editor\" data-id=\"06fad7f\" data-element_type=\"widget\" data-widget_type=\"text-editor.default\">\n\t\t\t\t<div class=\"elementor-widget-container\">\n\t\t\t\t\t\t\t<h4><strong><center><br>Balustrady szklane<\/strong><\/h4>\t\t\t\t\t\t<\/div>\n\t\t\t\t<\/div>\n\t\t\t\t<div class=\"elementor-element elementor-element-7d7efea elementor-widget elementor-widget-image\" data-id=\"7d7efea\" data-element_type=\"widget\" data-widget_type=\"image.default\">\n\t\t\t\t<div class=\"elementor-widget-container\">\n\t\t\t\t\t\t\t\t\t\t\t\t\t\t<a href=\"https:\/\/mfast.pl\/?page_id=11970\">\n\t\t\t\t\t\t\t<img decoding=\"async\" width=\"640\" height=\"1008\" src=\"https:\/\/mfast.pl\/wp-content\/uploads\/2022\/03\/2-balustrady-szklane-650x1024.jpg\" class=\"attachment-large size-large wp-image-12524\" alt=\"\" srcset=\"https:\/\/mfast.pl\/wp-content\/uploads\/2022\/03\/2-balustrady-szklane-650x1024.jpg 650w, https:\/\/mfast.pl\/wp-content\/uploads\/2022\/03\/2-balustrady-szklane-191x300.jpg 191w, https:\/\/mfast.pl\/wp-content\/uploads\/2022\/03\/2-balustrady-szklane-768x1209.jpg 768w, https:\/\/mfast.pl\/wp-content\/uploads\/2022\/03\/2-balustrady-szklane-975x1536.jpg 975w, https:\/\/mfast.pl\/wp-content\/uploads\/2022\/03\/2-balustrady-szklane-500x787.jpg 500w, https:\/\/mfast.pl\/wp-content\/uploads\/2022\/03\/2-balustrady-szklane.jpg 1270w\" sizes=\"(max-width: 640px) 100vw, 640px\" \/>\t\t\t\t\t\t\t\t<\/a>\n\t\t\t\t\t\t\t\t\t\t\t\t\t<\/div>\n\t\t\t\t<\/div>\n\t\t\t\t<div class=\"elementor-element elementor-element-b72d151 elementor-widget elementor-widget-spacer\" data-id=\"b72d151\" data-element_type=\"widget\" data-widget_type=\"spacer.default\">\n\t\t\t\t<div class=\"elementor-widget-container\">\n\t\t\t<style>\/*! elementor - v3.19.0 - 28-02-2024 *\/\n.elementor-column .elementor-spacer-inner{height:var(--spacer-size)}.e-con{--container-widget-width:100%}.e-con-inner>.elementor-widget-spacer,.e-con>.elementor-widget-spacer{width:var(--container-widget-width,var(--spacer-size));--align-self:var(--container-widget-align-self,initial);--flex-shrink:0}.e-con-inner>.elementor-widget-spacer>.elementor-widget-container,.e-con>.elementor-widget-spacer>.elementor-widget-container{height:100%;width:100%}.e-con-inner>.elementor-widget-spacer>.elementor-widget-container>.elementor-spacer,.e-con>.elementor-widget-spacer>.elementor-widget-container>.elementor-spacer{height:100%}.e-con-inner>.elementor-widget-spacer>.elementor-widget-container>.elementor-spacer>.elementor-spacer-inner,.e-con>.elementor-widget-spacer>.elementor-widget-container>.elementor-spacer>.elementor-spacer-inner{height:var(--container-widget-height,var(--spacer-size))}.e-con-inner>.elementor-widget-spacer.elementor-widget-empty,.e-con>.elementor-widget-spacer.elementor-widget-empty{position:relative;min-height:22px;min-width:22px}.e-con-inner>.elementor-widget-spacer.elementor-widget-empty .elementor-widget-empty-icon,.e-con>.elementor-widget-spacer.elementor-widget-empty .elementor-widget-empty-icon{position:absolute;top:0;bottom:0;left:0;right:0;margin:auto;padding:0;width:22px;height:22px}<\/style>\t\t<div class=\"elementor-spacer\">\n\t\t\t<div class=\"elementor-spacer-inner\"><\/div>\n\t\t<\/div>\n\t\t\t\t<\/div>\n\t\t\t\t<\/div>\n\t\t\t\t\t<\/div>\n\t\t<\/div>\n\t\t\t\t<div class=\"elementor-column elementor-col-33 elementor-top-column elementor-element elementor-element-6543d7f\" data-id=\"6543d7f\" data-element_type=\"column\">\n\t\t\t<div class=\"elementor-widget-wrap elementor-element-populated\">\n\t\t\t\t\t\t<div class=\"elementor-element elementor-element-eda6128 elementor-widget elementor-widget-text-editor\" data-id=\"eda6128\" data-element_type=\"widget\" data-widget_type=\"text-editor.default\">\n\t\t\t\t<div class=\"elementor-widget-container\">\n\t\t\t\t\t\t\t<h4><strong><center><br>Przeszklenia i zadaszenia<\/strong><\/h4>\t\t\t\t\t\t<\/div>\n\t\t\t\t<\/div>\n\t\t\t\t<div class=\"elementor-element elementor-element-158cad7 elementor-widget elementor-widget-image\" data-id=\"158cad7\" data-element_type=\"widget\" data-widget_type=\"image.default\">\n\t\t\t\t<div class=\"elementor-widget-container\">\n\t\t\t\t\t\t\t\t\t\t\t\t\t\t<a href=\"https:\/\/mfast.pl\/?page_id=11976\">\n\t\t\t\t\t\t\t<img decoding=\"async\" width=\"640\" height=\"1008\" src=\"https:\/\/mfast.pl\/wp-content\/uploads\/2022\/03\/2-balustrady-szklane-i-zadaszenia-650x1024.jpg\" class=\"attachment-large size-large wp-image-12528\" alt=\"\" srcset=\"https:\/\/mfast.pl\/wp-content\/uploads\/2022\/03\/2-balustrady-szklane-i-zadaszenia-650x1024.jpg 650w, https:\/\/mfast.pl\/wp-content\/uploads\/2022\/03\/2-balustrady-szklane-i-zadaszenia-191x300.jpg 191w, https:\/\/mfast.pl\/wp-content\/uploads\/2022\/03\/2-balustrady-szklane-i-zadaszenia-768x1209.jpg 768w, https:\/\/mfast.pl\/wp-content\/uploads\/2022\/03\/2-balustrady-szklane-i-zadaszenia-975x1536.jpg 975w, https:\/\/mfast.pl\/wp-content\/uploads\/2022\/03\/2-balustrady-szklane-i-zadaszenia-500x787.jpg 500w, https:\/\/mfast.pl\/wp-content\/uploads\/2022\/03\/2-balustrady-szklane-i-zadaszenia.jpg 1270w\" sizes=\"(max-width: 640px) 100vw, 640px\" \/>\t\t\t\t\t\t\t\t<\/a>\n\t\t\t\t\t\t\t\t\t\t\t\t\t<\/div>\n\t\t\t\t<\/div>\n\t\t\t\t\t<\/div>\n\t\t<\/div>\n\t\t\t\t\t<\/div>\n\t\t<\/section>\n\t\t\t\t<section class=\"elementor-section elementor-top-section elementor-element elementor-element-752b1d1 elementor-section-boxed elementor-section-height-default elementor-section-height-default\" data-id=\"752b1d1\" data-element_type=\"section\">\n\t\t\t\t\t\t<div class=\"elementor-container elementor-column-gap-default\">\n\t\t\t\t\t<div class=\"elementor-column elementor-col-33 elementor-top-column elementor-element elementor-element-87955d4\" data-id=\"87955d4\" data-element_type=\"column\">\n\t\t\t<div class=\"elementor-widget-wrap elementor-element-populated\">\n\t\t\t\t\t\t<div class=\"elementor-element elementor-element-f73a377 elementor-widget elementor-widget-text-editor\" data-id=\"f73a377\" data-element_type=\"widget\" data-widget_type=\"text-editor.default\">\n\t\t\t\t<div class=\"elementor-widget-container\">\n\t\t\t\t\t\t\t<h4><strong><center><br>Balustrady nierdzewne<\/strong><\/h4>\t\t\t\t\t\t<\/div>\n\t\t\t\t<\/div>\n\t\t\t\t<div class=\"elementor-element elementor-element-3157952 elementor-widget elementor-widget-image\" data-id=\"3157952\" data-element_type=\"widget\" data-widget_type=\"image.default\">\n\t\t\t\t<div class=\"elementor-widget-container\">\n\t\t\t\t\t\t\t\t\t\t\t\t\t\t<a href=\"https:\/\/mfast.pl\/?page_id=11964\">\n\t\t\t\t\t\t\t<img loading=\"lazy\" decoding=\"async\" width=\"400\" height=\"287\" src=\"https:\/\/mfast.pl\/wp-content\/uploads\/2022\/03\/balustrady-nierdzewne-2.jpg\" class=\"attachment-large size-large wp-image-12606\" alt=\"\" srcset=\"https:\/\/mfast.pl\/wp-content\/uploads\/2022\/03\/balustrady-nierdzewne-2.jpg 400w, https:\/\/mfast.pl\/wp-content\/uploads\/2022\/03\/balustrady-nierdzewne-2-300x215.jpg 300w\" sizes=\"(max-width: 400px) 100vw, 400px\" \/>\t\t\t\t\t\t\t\t<\/a>\n\t\t\t\t\t\t\t\t\t\t\t\t\t<\/div>\n\t\t\t\t<\/div>\n\t\t\t\t\t<\/div>\n\t\t<\/div>\n\t\t\t\t<div class=\"elementor-column elementor-col-33 elementor-top-column elementor-element elementor-element-6e7ca2e\" data-id=\"6e7ca2e\" data-element_type=\"column\">\n\t\t\t<div class=\"elementor-widget-wrap elementor-element-populated\">\n\t\t\t\t\t\t<div class=\"elementor-element elementor-element-f83a188 elementor-widget elementor-widget-text-editor\" data-id=\"f83a188\" data-element_type=\"widget\" data-widget_type=\"text-editor.default\">\n\t\t\t\t<div class=\"elementor-widget-container\">\n\t\t\t\t\t\t\t<h4><strong><center><br>Balustrady nowoczesne<\/strong><\/h4>\t\t\t\t\t\t<\/div>\n\t\t\t\t<\/div>\n\t\t\t\t<div class=\"elementor-element elementor-element-64f5a89 elementor-widget elementor-widget-image\" data-id=\"64f5a89\" data-element_type=\"widget\" data-widget_type=\"image.default\">\n\t\t\t\t<div class=\"elementor-widget-container\">\n\t\t\t\t\t\t\t\t\t\t\t\t\t\t<a href=\"https:\/\/mfast.pl\/?page_id=11967\">\n\t\t\t\t\t\t\t<img loading=\"lazy\" decoding=\"async\" width=\"400\" height=\"287\" src=\"https:\/\/mfast.pl\/wp-content\/uploads\/2022\/03\/balustrady-nowoczesne.jpg\" class=\"attachment-large size-large wp-image-12607\" alt=\"\" srcset=\"https:\/\/mfast.pl\/wp-content\/uploads\/2022\/03\/balustrady-nowoczesne.jpg 400w, https:\/\/mfast.pl\/wp-content\/uploads\/2022\/03\/balustrady-nowoczesne-300x215.jpg 300w\" sizes=\"(max-width: 400px) 100vw, 400px\" \/>\t\t\t\t\t\t\t\t<\/a>\n\t\t\t\t\t\t\t\t\t\t\t\t\t<\/div>\n\t\t\t\t<\/div>\n\t\t\t\t<div class=\"elementor-element elementor-element-e7ec381 elementor-widget elementor-widget-spacer\" data-id=\"e7ec381\" data-element_type=\"widget\" data-widget_type=\"spacer.default\">\n\t\t\t\t<div class=\"elementor-widget-container\">\n\t\t\t\t\t<div class=\"elementor-spacer\">\n\t\t\t<div class=\"elementor-spacer-inner\"><\/div>\n\t\t<\/div>\n\t\t\t\t<\/div>\n\t\t\t\t<\/div>\n\t\t\t\t\t<\/div>\n\t\t<\/div>\n\t\t\t\t<div class=\"elementor-column elementor-col-33 elementor-top-column elementor-element elementor-element-3c43b09\" data-id=\"3c43b09\" data-element_type=\"column\">\n\t\t\t<div class=\"elementor-widget-wrap elementor-element-populated\">\n\t\t\t\t\t\t<div class=\"elementor-element elementor-element-8dbabe9 elementor-widget elementor-widget-text-editor\" data-id=\"8dbabe9\" data-element_type=\"widget\" data-widget_type=\"text-editor.default\">\n\t\t\t\t<div class=\"elementor-widget-container\">\n\t\t\t\t\t\t\t<h4><strong><center><br>Ogrodzenia i konstrukcje<\/strong><\/h4>\t\t\t\t\t\t<\/div>\n\t\t\t\t<\/div>\n\t\t\t\t<div class=\"elementor-element elementor-element-9763968 elementor-widget elementor-widget-image\" data-id=\"9763968\" data-element_type=\"widget\" data-widget_type=\"image.default\">\n\t\t\t\t<div class=\"elementor-widget-container\">\n\t\t\t\t\t\t\t\t\t\t\t\t\t\t<a href=\"https:\/\/mfast.pl\/?page_id=11973\">\n\t\t\t\t\t\t\t<img loading=\"lazy\" decoding=\"async\" width=\"400\" height=\"287\" src=\"https:\/\/mfast.pl\/wp-content\/uploads\/2022\/03\/ogrodzenia.jpg\" class=\"attachment-large size-large wp-image-12605\" alt=\"\" srcset=\"https:\/\/mfast.pl\/wp-content\/uploads\/2022\/03\/ogrodzenia.jpg 400w, https:\/\/mfast.pl\/wp-content\/uploads\/2022\/03\/ogrodzenia-300x215.jpg 300w\" sizes=\"(max-width: 400px) 100vw, 400px\" \/>\t\t\t\t\t\t\t\t<\/a>\n\t\t\t\t\t\t\t\t\t\t\t\t\t<\/div>\n\t\t\t\t<\/div>\n\t\t\t\t\t<\/div>\n\t\t<\/div>\n\t\t\t\t\t<\/div>\n\t\t<\/section>\n\t\t\t\t<\/div>\n\t\t","protected":false},"excerpt":{"rendered":"<p>Schody Balustrady szklane Przeszklenia i zadaszenia Balustrady nierdzewne Balustrady nowoczesne Ogrodzenia i konstrukcje<\/p>\n","protected":false},"author":1,"featured_media":0,"parent":0,"menu_order":0,"comment_status":"closed","ping_status":"closed","template":"","meta":{"footnotes":""},"class_list":["post-11525","page","type-page","status-publish","hentry"],"yoast_head":"<!-- This site is optimized with the Yoast SEO plugin v22.2 - https:\/\/yoast.com\/wordpress\/plugins\/seo\/ -->\n<title>Galeria - M-FAST<\/title>\n<meta name=\"description\" content=\"Galeria M-FAST przedstawiaj\u0105ca wykonane przez nasz\u0105 firm\u0119 projekty dla naszych klient\u00f3w. Sprawd\u017a i oce\u0144.\" \/>\n<meta name=\"robots\" content=\"index, follow, max-snippet:-1, max-image-preview:large, max-video-preview:-1\" \/>\n<link rel=\"canonical\" href=\"https:\/\/mfast.pl\/?page_id=11525\" \/>\n<meta property=\"og:locale\" content=\"pl_PL\" \/>\n<meta property=\"og:type\" content=\"article\" \/>\n<meta property=\"og:title\" content=\"Galeria - M-FAST\" \/>\n<meta property=\"og:description\" content=\"Galeria M-FAST przedstawiaj\u0105ca wykonane przez nasz\u0105 firm\u0119 projekty dla naszych klient\u00f3w. Sprawd\u017a i oce\u0144.\" \/>\n<meta property=\"og:url\" content=\"https:\/\/mfast.pl\/?page_id=11525\" \/>\n<meta property=\"og:site_name\" content=\"M-FAST\" \/>\n<meta property=\"article:modified_time\" content=\"2022-03-18T22:39:26+00:00\" \/>\n<meta property=\"og:image\" content=\"http:\/\/mfast.pl\/wp-content\/uploads\/2022\/03\/2-schody-bez-futryn-650x1024.jpg\" \/>\n<meta name=\"twitter:card\" content=\"summary_large_image\" \/>\n<meta name=\"twitter:label1\" content=\"Szacowany czas czytania\" \/>\n\t<meta name=\"twitter:data1\" content=\"2 minuty\" \/>\n<script type=\"application\/ld+json\" class=\"yoast-schema-graph\">{\"@context\":\"https:\/\/schema.org\",\"@graph\":[{\"@type\":\"WebPage\",\"@id\":\"https:\/\/mfast.pl\/?page_id=11525\",\"url\":\"https:\/\/mfast.pl\/?page_id=11525\",\"name\":\"Galeria - M-FAST\",\"isPartOf\":{\"@id\":\"https:\/\/mfast.pl\/#website\"},\"primaryImageOfPage\":{\"@id\":\"https:\/\/mfast.pl\/?page_id=11525#primaryimage\"},\"image\":{\"@id\":\"https:\/\/mfast.pl\/?page_id=11525#primaryimage\"},\"thumbnailUrl\":\"http:\/\/mfast.pl\/wp-content\/uploads\/2022\/03\/2-schody-bez-futryn-650x1024.jpg\",\"datePublished\":\"2017-09-10T08:39:11+00:00\",\"dateModified\":\"2022-03-18T22:39:26+00:00\",\"description\":\"Galeria M-FAST przedstawiaj\u0105ca wykonane przez nasz\u0105 firm\u0119 projekty dla naszych klient\u00f3w. Sprawd\u017a i oce\u0144.\",\"breadcrumb\":{\"@id\":\"https:\/\/mfast.pl\/?page_id=11525#breadcrumb\"},\"inLanguage\":\"pl-PL\",\"potentialAction\":[{\"@type\":\"ReadAction\",\"target\":[\"https:\/\/mfast.pl\/?page_id=11525\"]}]},{\"@type\":\"ImageObject\",\"inLanguage\":\"pl-PL\",\"@id\":\"https:\/\/mfast.pl\/?page_id=11525#primaryimage\",\"url\":\"http:\/\/mfast.pl\/wp-content\/uploads\/2022\/03\/2-schody-bez-futryn-650x1024.jpg\",\"contentUrl\":\"http:\/\/mfast.pl\/wp-content\/uploads\/2022\/03\/2-schody-bez-futryn-650x1024.jpg\"},{\"@type\":\"BreadcrumbList\",\"@id\":\"https:\/\/mfast.pl\/?page_id=11525#breadcrumb\",\"itemListElement\":[{\"@type\":\"ListItem\",\"position\":1,\"name\":\"Home\",\"item\":\"https:\/\/mfast.pl\/\"},{\"@type\":\"ListItem\",\"position\":2,\"name\":\"Galeria\"}]},{\"@type\":\"WebSite\",\"@id\":\"https:\/\/mfast.pl\/#website\",\"url\":\"https:\/\/mfast.pl\/\",\"name\":\"M-FAST\",\"description\":\"\",\"potentialAction\":[{\"@type\":\"SearchAction\",\"target\":{\"@type\":\"EntryPoint\",\"urlTemplate\":\"https:\/\/mfast.pl\/?s={search_term_string}\"},\"query-input\":\"required name=search_term_string\"}],\"inLanguage\":\"pl-PL\"}]}<\/script>\n<!-- \/ Yoast SEO plugin. -->","yoast_head_json":{"title":"Galeria - M-FAST","description":"Galeria M-FAST przedstawiaj\u0105ca wykonane przez nasz\u0105 firm\u0119 projekty dla naszych klient\u00f3w. Sprawd\u017a i oce\u0144.","robots":{"index":"index","follow":"follow","max-snippet":"max-snippet:-1","max-image-preview":"max-image-preview:large","max-video-preview":"max-video-preview:-1"},"canonical":"https:\/\/mfast.pl\/?page_id=11525","og_locale":"pl_PL","og_type":"article","og_title":"Galeria - M-FAST","og_description":"Galeria M-FAST przedstawiaj\u0105ca wykonane przez nasz\u0105 firm\u0119 projekty dla naszych klient\u00f3w. Sprawd\u017a i oce\u0144.","og_url":"https:\/\/mfast.pl\/?page_id=11525","og_site_name":"M-FAST","article_modified_time":"2022-03-18T22:39:26+00:00","og_image":[{"url":"http:\/\/mfast.pl\/wp-content\/uploads\/2022\/03\/2-schody-bez-futryn-650x1024.jpg"}],"twitter_card":"summary_large_image","twitter_misc":{"Szacowany czas czytania":"2 minuty"},"schema":{"@context":"https:\/\/schema.org","@graph":[{"@type":"WebPage","@id":"https:\/\/mfast.pl\/?page_id=11525","url":"https:\/\/mfast.pl\/?page_id=11525","name":"Galeria - M-FAST","isPartOf":{"@id":"https:\/\/mfast.pl\/#website"},"primaryImageOfPage":{"@id":"https:\/\/mfast.pl\/?page_id=11525#primaryimage"},"image":{"@id":"https:\/\/mfast.pl\/?page_id=11525#primaryimage"},"thumbnailUrl":"http:\/\/mfast.pl\/wp-content\/uploads\/2022\/03\/2-schody-bez-futryn-650x1024.jpg","datePublished":"2017-09-10T08:39:11+00:00","dateModified":"2022-03-18T22:39:26+00:00","description":"Galeria M-FAST przedstawiaj\u0105ca wykonane przez nasz\u0105 firm\u0119 projekty dla naszych klient\u00f3w. Sprawd\u017a i oce\u0144.","breadcrumb":{"@id":"https:\/\/mfast.pl\/?page_id=11525#breadcrumb"},"inLanguage":"pl-PL","potentialAction":[{"@type":"ReadAction","target":["https:\/\/mfast.pl\/?page_id=11525"]}]},{"@type":"ImageObject","inLanguage":"pl-PL","@id":"https:\/\/mfast.pl\/?page_id=11525#primaryimage","url":"http:\/\/mfast.pl\/wp-content\/uploads\/2022\/03\/2-schody-bez-futryn-650x1024.jpg","contentUrl":"http:\/\/mfast.pl\/wp-content\/uploads\/2022\/03\/2-schody-bez-futryn-650x1024.jpg"},{"@type":"BreadcrumbList","@id":"https:\/\/mfast.pl\/?page_id=11525#breadcrumb","itemListElement":[{"@type":"ListItem","position":1,"name":"Home","item":"https:\/\/mfast.pl\/"},{"@type":"ListItem","position":2,"name":"Galeria"}]},{"@type":"WebSite","@id":"https:\/\/mfast.pl\/#website","url":"https:\/\/mfast.pl\/","name":"M-FAST","description":"","potentialAction":[{"@type":"SearchAction","target":{"@type":"EntryPoint","urlTemplate":"https:\/\/mfast.pl\/?s={search_term_string}"},"query-input":"required name=search_term_string"}],"inLanguage":"pl-PL"}]}},"_links":{"self":[{"href":"https:\/\/mfast.pl\/index.php?rest_route=\/wp\/v2\/pages\/11525","targetHints":{"allow":["GET"]}}],"collection":[{"href":"https:\/\/mfast.pl\/index.php?rest_route=\/wp\/v2\/pages"}],"about":[{"href":"https:\/\/mfast.pl\/index.php?rest_route=\/wp\/v2\/types\/page"}],"author":[{"embeddable":true,"href":"https:\/\/mfast.pl\/index.php?rest_route=\/wp\/v2\/users\/1"}],"replies":[{"embeddable":true,"href":"https:\/\/mfast.pl\/index.php?rest_route=%2Fwp%2Fv2%2Fcomments&post=11525"}],"version-history":[{"count":120,"href":"https:\/\/mfast.pl\/index.php?rest_route=\/wp\/v2\/pages\/11525\/revisions"}],"predecessor-version":[{"id":13234,"href":"https:\/\/mfast.pl\/index.php?rest_route=\/wp\/v2\/pages\/11525\/revisions\/13234"}],"wp:attachment":[{"href":"https:\/\/mfast.pl\/index.php?rest_route=%2Fwp%2Fv2%2Fmedia&parent=11525"}],"curies":[{"name":"wp","href":"https:\/\/api.w.org\/{rel}","templated":true}]}}