{"id":11394,"date":"2017-08-14T11:19:26","date_gmt":"2017-08-14T09:19:26","guid":{"rendered":"http:\/\/deeptem.com\/classic\/?page_id=11394"},"modified":"2022-03-21T19:26:26","modified_gmt":"2022-03-21T18:26:26","slug":"kontakt","status":"publish","type":"page","link":"https:\/\/mfast.pl\/?page_id=11394","title":{"rendered":"Kontakt"},"content":{"rendered":"\t\t<div data-elementor-type=\"wp-post\" data-elementor-id=\"11394\" class=\"elementor elementor-11394\">\n\t\t\t\t\t\t<section class=\"elementor-section elementor-top-section elementor-element elementor-element-451e05e elementor-section-boxed elementor-section-height-default elementor-section-height-default\" data-id=\"451e05e\" data-element_type=\"section\">\n\t\t\t\t\t\t<div class=\"elementor-container elementor-column-gap-default\">\n\t\t\t\t\t<div class=\"elementor-column elementor-col-100 elementor-top-column elementor-element elementor-element-32cb313\" data-id=\"32cb313\" data-element_type=\"column\">\n\t\t\t<div class=\"elementor-widget-wrap elementor-element-populated\">\n\t\t\t\t\t\t<div class=\"elementor-element elementor-element-e9c5179 elementor-invisible elementor-widget elementor-widget-title_builder\" data-id=\"e9c5179\" data-element_type=\"widget\" data-settings=\"{&quot;_animation&quot;:&quot;fadeInUp&quot;}\" data-widget_type=\"title_builder.default\">\n\t\t\t\t<div class=\"elementor-widget-container\">\n\t\t\t\r\n\t\t<div class=\"wn-deep-title-wrap wn-layer-anim-bottom wn-deep-title-wrap69ee2df958be5  \"><div class=\"wn-deep-title\"><span class=\"wn-deep-title-shape elementor-repeater-item-7b5aa30 after\"><\/span><h2 class=\"  wn-deep-subtitle\">KONTAKT<\/h2>\r\n\t\t<\/div><\/div>\t\t<\/div>\n\t\t\t\t<\/div>\n\t\t\t\t\t<\/div>\n\t\t<\/div>\n\t\t\t\t\t<\/div>\n\t\t<\/section>\n\t\t\t\t<section class=\"elementor-section elementor-top-section elementor-element elementor-element-bd01262 elementor-section-boxed elementor-section-height-default elementor-section-height-default\" data-id=\"bd01262\" data-element_type=\"section\">\n\t\t\t\t\t\t<div class=\"elementor-container elementor-column-gap-default\">\n\t\t\t\t\t<div class=\"elementor-column elementor-col-33 elementor-top-column elementor-element elementor-element-d37adc3\" data-id=\"d37adc3\" data-element_type=\"column\">\n\t\t\t<div class=\"elementor-widget-wrap elementor-element-populated\">\n\t\t\t\t\t\t<div class=\"elementor-element elementor-element-a0be33c elementor-widget elementor-widget-iconbox\" data-id=\"a0be33c\" data-element_type=\"widget\" data-widget_type=\"iconbox.default\">\n\t\t\t\t<div class=\"elementor-widget-container\">\n\t\t\t<article class=\"wn-icon-box   icon-box19   \"  ><i class=\"wn-icon pe-7s-call\"><\/i><h4 class=\"title-style\"><strong>Telefon<\/strong><\/h4><p class=\"content-style\">- <a href=\"tel:518 314 331\">518 314 331<\/a><br>\n- <a href=\"tel:518 314 356\">518 314 356<\/a> biuro<br><br><br><\/p><\/article>\t\t<\/div>\n\t\t\t\t<\/div>\n\t\t\t\t\t<\/div>\n\t\t<\/div>\n\t\t\t\t<div class=\"elementor-column elementor-col-33 elementor-top-column elementor-element elementor-element-212e9ca\" data-id=\"212e9ca\" data-element_type=\"column\">\n\t\t\t<div class=\"elementor-widget-wrap elementor-element-populated\">\n\t\t\t\t\t\t<div class=\"elementor-element elementor-element-94576b1 elementor-widget elementor-widget-iconbox\" data-id=\"94576b1\" data-element_type=\"widget\" data-widget_type=\"iconbox.default\">\n\t\t\t\t<div class=\"elementor-widget-container\">\n\t\t\t<article class=\"wn-icon-box   icon-box19   \"  ><i class=\"wn-icon pe-7s-mail\"><\/i><h4 class=\"title-style\"><strong>E-mail<\/strong><\/h4><p class=\"content-style\"><a href = \"mailto: mfast.info@gmail.com\">mfast.info@gmail.com<\/a><br><br><br><br><\/p><\/article>\t\t<\/div>\n\t\t\t\t<\/div>\n\t\t\t\t\t<\/div>\n\t\t<\/div>\n\t\t\t\t<div class=\"elementor-column elementor-col-33 elementor-top-column elementor-element elementor-element-3278cd8\" data-id=\"3278cd8\" data-element_type=\"column\">\n\t\t\t<div class=\"elementor-widget-wrap elementor-element-populated\">\n\t\t\t\t\t\t<div class=\"elementor-element elementor-element-461715e elementor-widget elementor-widget-iconbox\" data-id=\"461715e\" data-element_type=\"widget\" data-widget_type=\"iconbox.default\">\n\t\t\t\t<div class=\"elementor-widget-container\">\n\t\t\t<article class=\"wn-icon-box   icon-box19   \"  ><i class=\"wn-icon icon-basic-geolocalize-01\"><\/i><h4 class=\"title-style\"><strong>Adres<\/strong><\/h4><p class=\"content-style\">M-FAST Marcin Mazurek<br>D\u0119bno 234, <br> 37-305 D\u0119bno<br>Podkarpackie\n\n\n<\/p><\/article>\t\t<\/div>\n\t\t\t\t<\/div>\n\t\t\t\t\t<\/div>\n\t\t<\/div>\n\t\t\t\t\t<\/div>\n\t\t<\/section>\n\t\t\t\t<section class=\"elementor-section elementor-top-section elementor-element elementor-element-d3454db elementor-section-boxed elementor-section-height-default elementor-section-height-default\" data-id=\"d3454db\" data-element_type=\"section\">\n\t\t\t\t\t\t<div class=\"elementor-container elementor-column-gap-default\">\n\t\t\t\t\t<div class=\"elementor-column elementor-col-100 elementor-top-column elementor-element elementor-element-0c3a495\" data-id=\"0c3a495\" data-element_type=\"column\">\n\t\t\t<div class=\"elementor-widget-wrap elementor-element-populated\">\n\t\t\t\t\t\t<div class=\"elementor-element elementor-element-053479b elementor-widget elementor-widget-distance\" data-id=\"053479b\" data-element_type=\"widget\" data-widget_type=\"distance.default\">\n\t\t\t\t<div class=\"elementor-widget-container\">\n\t\t\t<div class=\"wn-distance\"><\/div>\t\t<\/div>\n\t\t\t\t<\/div>\n\t\t\t\t<section class=\"elementor-section elementor-inner-section elementor-element elementor-element-b418341 elementor-section-boxed elementor-section-height-default elementor-section-height-default\" data-id=\"b418341\" data-element_type=\"section\">\n\t\t\t\t\t\t<div class=\"elementor-container elementor-column-gap-default\">\n\t\t\t\t\t<div class=\"elementor-column elementor-col-100 elementor-inner-column elementor-element elementor-element-640be3f\" data-id=\"640be3f\" data-element_type=\"column\">\n\t\t\t<div class=\"elementor-widget-wrap elementor-element-populated\">\n\t\t\t\t\t\t<div class=\"elementor-element elementor-element-9ee57bc elementor-invisible elementor-widget elementor-widget-title_builder\" data-id=\"9ee57bc\" data-element_type=\"widget\" data-settings=\"{&quot;_animation&quot;:&quot;fadeInUp&quot;}\" data-widget_type=\"title_builder.default\">\n\t\t\t\t<div class=\"elementor-widget-container\">\n\t\t\t\r\n\t\t<div class=\"wn-deep-title-wrap wn-layer-anim-bottom wn-deep-title-wrap69ee2df95c0c6  \"><div class=\"wn-deep-title\"><span class=\"wn-deep-title-shape elementor-repeater-item-7b5aa30 after\"><\/span><h2 class=\"  wn-deep-subtitle\">Napisz do nas<\/h2>\r\n\t\t<\/div><\/div>\t\t<\/div>\n\t\t\t\t<\/div>\n\t\t\t\t<div class=\"elementor-element elementor-element-02506e5 elementor-widget elementor-widget-wn_contact_form7\" data-id=\"02506e5\" data-element_type=\"widget\" data-widget_type=\"wn_contact_form7.default\">\n\t\t\t\t<div class=\"elementor-widget-container\">\n\t\t\t\n<div class=\"wpcf7 no-js\" id=\"wpcf7-f11367-o1\" lang=\"en-US\" dir=\"ltr\">\n<div class=\"screen-reader-response\"><p role=\"status\" aria-live=\"polite\" aria-atomic=\"true\"><\/p> <ul><\/ul><\/div>\n<form action=\"\/index.php?rest_route=%2Fwp%2Fv2%2Fpages%2F11394#wpcf7-f11367-o1\" method=\"post\" class=\"wpcf7-form init\" aria-label=\"Contact form\" novalidate=\"novalidate\" data-status=\"init\">\n<div style=\"display: none;\">\n<input type=\"hidden\" name=\"_wpcf7\" value=\"11367\" \/>\n<input type=\"hidden\" name=\"_wpcf7_version\" value=\"5.9\" \/>\n<input type=\"hidden\" name=\"_wpcf7_locale\" value=\"en_US\" \/>\n<input type=\"hidden\" name=\"_wpcf7_unit_tag\" value=\"wpcf7-f11367-o1\" \/>\n<input type=\"hidden\" name=\"_wpcf7_container_post\" value=\"0\" \/>\n<input type=\"hidden\" name=\"_wpcf7_posted_data_hash\" value=\"\" \/>\n<\/div>\n<div class=\"discover-contact-form\">\n\t<div class=\"wn-cnform wn-name\">\n\t\t<p><label>Imi\u0119<\/label><span class=\"wpcf7-form-control-wrap\" data-name=\"your-name\"><input size=\"40\" class=\"wpcf7-form-control wpcf7-text wpcf7-validates-as-required\" aria-required=\"true\" aria-invalid=\"false\" placeholder=\"Name\" value=\"\" type=\"text\" name=\"your-name\" \/><\/span>\n\t\t<\/p>\n\t<\/div>\n\t<div class=\"wn-cnform wn-mail\">\n\t\t<p><label>E-mail<\/label><span class=\"wpcf7-form-control-wrap\" data-name=\"your-email\"><input size=\"40\" class=\"wpcf7-form-control wpcf7-email wpcf7-validates-as-required wpcf7-text wpcf7-validates-as-email\" aria-required=\"true\" aria-invalid=\"false\" placeholder=\"Email\" value=\"\" type=\"email\" name=\"your-email\" \/><\/span>\n\t\t<\/p>\n\t<\/div>\n\t<div class=\"wn-cnform wn-subjct\">\n\t\t<p><label>Temat<\/label><span class=\"wpcf7-form-control-wrap\" data-name=\"your-subject\"><input size=\"40\" class=\"wpcf7-form-control wpcf7-text\" aria-invalid=\"false\" placeholder=\"Subject\" value=\"\" type=\"text\" name=\"your-subject\" \/><\/span>\n\t\t<\/p>\n\t<\/div>\n\t<div class=\"wn-cnform wn-mssg\">\n\t\t<p><label>Wiadomo\u015b\u0107<\/label><span class=\"wpcf7-form-control-wrap\" data-name=\"your-message\"><textarea cols=\"40\" rows=\"10\" class=\"wpcf7-form-control wpcf7-textarea\" aria-invalid=\"false\" placeholder=\"Message\" name=\"your-message\"><\/textarea><\/span>\n\t\t<\/p>\n\t<\/div>\n\t<div class=\"wn-btn-cf\">\n\t\t<p><input class=\"wpcf7-form-control wpcf7-submit has-spinner\" type=\"submit\" value=\"Wy\u015blij wiadomo\u015b\u0107\" \/>\n\t\t<\/p>\n\t<\/div>\n<\/div><p style=\"display: none !important;\" class=\"akismet-fields-container\" data-prefix=\"_wpcf7_ak_\"><label>&#916;<textarea name=\"_wpcf7_ak_hp_textarea\" cols=\"45\" rows=\"8\" maxlength=\"100\"><\/textarea><\/label><input type=\"hidden\" id=\"ak_js_1\" name=\"_wpcf7_ak_js\" value=\"16\"\/><script>document.getElementById( \"ak_js_1\" ).setAttribute( \"value\", ( new Date() ).getTime() );<\/script><\/p><div class=\"wpcf7-response-output\" aria-hidden=\"true\"><\/div>\n<\/form>\n<\/div>\n\t\t<\/div>\n\t\t\t\t<\/div>\n\t\t\t\t\t<\/div>\n\t\t<\/div>\n\t\t\t\t\t<\/div>\n\t\t<\/section>\n\t\t\t\t\t<\/div>\n\t\t<\/div>\n\t\t\t\t\t<\/div>\n\t\t<\/section>\n\t\t\t\t<section class=\"elementor-section elementor-top-section elementor-element elementor-element-2d5fb04 elementor-section-boxed elementor-section-height-default elementor-section-height-default\" data-id=\"2d5fb04\" data-element_type=\"section\">\n\t\t\t\t\t\t<div class=\"elementor-container elementor-column-gap-default\">\n\t\t\t\t\t<div class=\"elementor-column elementor-col-100 elementor-top-column elementor-element elementor-element-a7cb1c8\" data-id=\"a7cb1c8\" data-element_type=\"column\">\n\t\t\t<div class=\"elementor-widget-wrap elementor-element-populated\">\n\t\t\t\t\t\t<div class=\"elementor-element elementor-element-c11d627 elementor-widget elementor-widget-google_maps\" data-id=\"c11d627\" data-element_type=\"widget\" data-widget_type=\"google_maps.default\">\n\t\t\t\t<div class=\"elementor-widget-container\">\n\t\t\t<style>\/*! elementor - v3.19.0 - 28-02-2024 *\/\n.elementor-widget-google_maps .elementor-widget-container{overflow:hidden}.elementor-widget-google_maps .elementor-custom-embed{line-height:0}.elementor-widget-google_maps iframe{height:300px}<\/style>\t\t<div class=\"elementor-custom-embed\">\n\t\t\t<iframe loading=\"lazy\"\n\t\t\t\t\tsrc=\"https:\/\/maps.google.com\/maps?q=D%C4%99bno%20234&#038;t=m&#038;z=10&#038;output=embed&#038;iwloc=near\"\n\t\t\t\t\ttitle=\"D\u0119bno 234\"\n\t\t\t\t\taria-label=\"D\u0119bno 234\"\n\t\t\t><\/iframe>\n\t\t<\/div>\n\t\t\t\t<\/div>\n\t\t\t\t<\/div>\n\t\t\t\t\t<\/div>\n\t\t<\/div>\n\t\t\t\t\t<\/div>\n\t\t<\/section>\n\t\t\t\t<\/div>\n\t\t","protected":false},"excerpt":{"rendered":"<p>KONTAKT Telefon &#8211; 518 314 331 &#8211; 518 314 356 biuro E-mail mfast.info@gmail.com Adres M-FAST Marcin MazurekD\u0119bno 234, 37-305 D\u0119bnoPodkarpackie Napisz do nas Imi\u0119 E-mail Temat Wiadomo\u015b\u0107 &#916;<\/p>\n","protected":false},"author":1,"featured_media":0,"parent":0,"menu_order":0,"comment_status":"closed","ping_status":"closed","template":"","meta":{"footnotes":""},"class_list":["post-11394","page","type-page","status-publish","hentry"],"yoast_head":"<!-- This site is optimized with the Yoast SEO plugin v22.2 - https:\/\/yoast.com\/wordpress\/plugins\/seo\/ -->\n<title>Kontakt - M-FAST<\/title>\n<meta name=\"description\" content=\"Kontakt z firm\u0105 M-FAST. Adres: D\u0119bno 234, 37-305 D\u0119bno, Podkarpackie. Telefon: 518 314 331, e-mail: mfast.info@gmail.com\" \/>\n<meta name=\"robots\" content=\"index, follow, max-snippet:-1, max-image-preview:large, max-video-preview:-1\" \/>\n<link rel=\"canonical\" href=\"https:\/\/mfast.pl\/?page_id=11394\" \/>\n<meta property=\"og:locale\" content=\"pl_PL\" \/>\n<meta property=\"og:type\" content=\"article\" \/>\n<meta property=\"og:title\" content=\"Kontakt - M-FAST\" \/>\n<meta property=\"og:description\" content=\"Kontakt z firm\u0105 M-FAST. Adres: D\u0119bno 234, 37-305 D\u0119bno, Podkarpackie. Telefon: 518 314 331, e-mail: mfast.info@gmail.com\" \/>\n<meta property=\"og:url\" content=\"https:\/\/mfast.pl\/?page_id=11394\" \/>\n<meta property=\"og:site_name\" content=\"M-FAST\" \/>\n<meta property=\"article:modified_time\" content=\"2022-03-21T18:26:26+00:00\" \/>\n<meta name=\"twitter:card\" content=\"summary_large_image\" \/>\n<meta name=\"twitter:label1\" content=\"Szacowany czas czytania\" \/>\n\t<meta name=\"twitter:data1\" content=\"1 minuta\" \/>\n<script type=\"application\/ld+json\" class=\"yoast-schema-graph\">{\"@context\":\"https:\/\/schema.org\",\"@graph\":[{\"@type\":\"WebPage\",\"@id\":\"https:\/\/mfast.pl\/?page_id=11394\",\"url\":\"https:\/\/mfast.pl\/?page_id=11394\",\"name\":\"Kontakt - M-FAST\",\"isPartOf\":{\"@id\":\"https:\/\/mfast.pl\/#website\"},\"datePublished\":\"2017-08-14T09:19:26+00:00\",\"dateModified\":\"2022-03-21T18:26:26+00:00\",\"description\":\"Kontakt z firm\u0105 M-FAST. Adres: D\u0119bno 234, 37-305 D\u0119bno, Podkarpackie. Telefon: 518 314 331, e-mail: mfast.info@gmail.com\",\"breadcrumb\":{\"@id\":\"https:\/\/mfast.pl\/?page_id=11394#breadcrumb\"},\"inLanguage\":\"pl-PL\",\"potentialAction\":[{\"@type\":\"ReadAction\",\"target\":[\"https:\/\/mfast.pl\/?page_id=11394\"]}]},{\"@type\":\"BreadcrumbList\",\"@id\":\"https:\/\/mfast.pl\/?page_id=11394#breadcrumb\",\"itemListElement\":[{\"@type\":\"ListItem\",\"position\":1,\"name\":\"Home\",\"item\":\"https:\/\/mfast.pl\/\"},{\"@type\":\"ListItem\",\"position\":2,\"name\":\"Kontakt\"}]},{\"@type\":\"WebSite\",\"@id\":\"https:\/\/mfast.pl\/#website\",\"url\":\"https:\/\/mfast.pl\/\",\"name\":\"M-FAST\",\"description\":\"\",\"potentialAction\":[{\"@type\":\"SearchAction\",\"target\":{\"@type\":\"EntryPoint\",\"urlTemplate\":\"https:\/\/mfast.pl\/?s={search_term_string}\"},\"query-input\":\"required name=search_term_string\"}],\"inLanguage\":\"pl-PL\"}]}<\/script>\n<!-- \/ Yoast SEO plugin. -->","yoast_head_json":{"title":"Kontakt - M-FAST","description":"Kontakt z firm\u0105 M-FAST. Adres: D\u0119bno 234, 37-305 D\u0119bno, Podkarpackie. Telefon: 518 314 331, e-mail: mfast.info@gmail.com","robots":{"index":"index","follow":"follow","max-snippet":"max-snippet:-1","max-image-preview":"max-image-preview:large","max-video-preview":"max-video-preview:-1"},"canonical":"https:\/\/mfast.pl\/?page_id=11394","og_locale":"pl_PL","og_type":"article","og_title":"Kontakt - M-FAST","og_description":"Kontakt z firm\u0105 M-FAST. Adres: D\u0119bno 234, 37-305 D\u0119bno, Podkarpackie. Telefon: 518 314 331, e-mail: mfast.info@gmail.com","og_url":"https:\/\/mfast.pl\/?page_id=11394","og_site_name":"M-FAST","article_modified_time":"2022-03-21T18:26:26+00:00","twitter_card":"summary_large_image","twitter_misc":{"Szacowany czas czytania":"1 minuta"},"schema":{"@context":"https:\/\/schema.org","@graph":[{"@type":"WebPage","@id":"https:\/\/mfast.pl\/?page_id=11394","url":"https:\/\/mfast.pl\/?page_id=11394","name":"Kontakt - M-FAST","isPartOf":{"@id":"https:\/\/mfast.pl\/#website"},"datePublished":"2017-08-14T09:19:26+00:00","dateModified":"2022-03-21T18:26:26+00:00","description":"Kontakt z firm\u0105 M-FAST. Adres: D\u0119bno 234, 37-305 D\u0119bno, Podkarpackie. Telefon: 518 314 331, e-mail: mfast.info@gmail.com","breadcrumb":{"@id":"https:\/\/mfast.pl\/?page_id=11394#breadcrumb"},"inLanguage":"pl-PL","potentialAction":[{"@type":"ReadAction","target":["https:\/\/mfast.pl\/?page_id=11394"]}]},{"@type":"BreadcrumbList","@id":"https:\/\/mfast.pl\/?page_id=11394#breadcrumb","itemListElement":[{"@type":"ListItem","position":1,"name":"Home","item":"https:\/\/mfast.pl\/"},{"@type":"ListItem","position":2,"name":"Kontakt"}]},{"@type":"WebSite","@id":"https:\/\/mfast.pl\/#website","url":"https:\/\/mfast.pl\/","name":"M-FAST","description":"","potentialAction":[{"@type":"SearchAction","target":{"@type":"EntryPoint","urlTemplate":"https:\/\/mfast.pl\/?s={search_term_string}"},"query-input":"required name=search_term_string"}],"inLanguage":"pl-PL"}]}},"_links":{"self":[{"href":"https:\/\/mfast.pl\/index.php?rest_route=\/wp\/v2\/pages\/11394","targetHints":{"allow":["GET"]}}],"collection":[{"href":"https:\/\/mfast.pl\/index.php?rest_route=\/wp\/v2\/pages"}],"about":[{"href":"https:\/\/mfast.pl\/index.php?rest_route=\/wp\/v2\/types\/page"}],"author":[{"embeddable":true,"href":"https:\/\/mfast.pl\/index.php?rest_route=\/wp\/v2\/users\/1"}],"replies":[{"embeddable":true,"href":"https:\/\/mfast.pl\/index.php?rest_route=%2Fwp%2Fv2%2Fcomments&post=11394"}],"version-history":[{"count":127,"href":"https:\/\/mfast.pl\/index.php?rest_route=\/wp\/v2\/pages\/11394\/revisions"}],"predecessor-version":[{"id":13257,"href":"https:\/\/mfast.pl\/index.php?rest_route=\/wp\/v2\/pages\/11394\/revisions\/13257"}],"wp:attachment":[{"href":"https:\/\/mfast.pl\/index.php?rest_route=%2Fwp%2Fv2%2Fmedia&parent=11394"}],"curies":[{"name":"wp","href":"https:\/\/api.w.org\/{rel}","templated":true}]}}